{"id":2187,"date":"2020-03-25T03:30:19","date_gmt":"2020-03-25T03:30:19","guid":{"rendered":"https:\/\/helpocharity.artureanec.com\/?page_id=8"},"modified":"2025-10-31T11:14:48","modified_gmt":"2025-10-31T11:14:48","slug":"home","status":"publish","type":"page","link":"https:\/\/haio.org\/fr\/","title":{"rendered":"Accueil"},"content":{"rendered":"<div data-elementor-type=\"wp-page\" data-elementor-id=\"2187\" class=\"elementor elementor-2187\">\n\t\t\t\t\t\t<section class=\"elementor-section elementor-top-section elementor-element elementor-element-cd22103 elementor-section-stretched elementor-section-full_width elementor-section-height-default elementor-section-height-default\" data-id=\"cd22103\" data-element_type=\"section\" data-settings=\"{&quot;stretch_section&quot;:&quot;section-stretched&quot;}\">\n\t\t\t\t\t\t<div class=\"elementor-container elementor-column-gap-no\">\n\t\t\t\t\t<div class=\"elementor-column elementor-col-100 elementor-top-column elementor-element elementor-element-d500e84\" data-id=\"d500e84\" data-element_type=\"column\">\n\t\t\t<div class=\"elementor-widget-wrap elementor-element-populated\">\n\t\t\t\t\t\t<div class=\"elementor-element elementor-element-33594c5d elementor-widget elementor-widget-helpo_content_slider\" data-id=\"33594c5d\" data-element_type=\"widget\" data-settings=\"{&quot;_animation&quot;:&quot;none&quot;}\" data-widget_type=\"helpo_content_slider.default\">\n\t\t\t\t<div class=\"elementor-widget-container\">\n\t\t\t\t\t\n        <div class=\"helpo_content_slider_widget\">\n            <div class=\"helpo_content_slider_wrapper helpo_view_type_1\">\n\n                <div class=\"helpo_content_slider helpo_slider_slick\" data-slider-options=\"{&quot;pauseOnHover&quot;:true,&quot;autoplay&quot;:false,&quot;infinite&quot;:false,&quot;speed&quot;:1200,&quot;rtl&quot;:false}\">\n                                            <div class=\"helpo_content_slide elementor-repeater-item-578fc86\" style=\"background: url('https:\/\/haio.org\/wp-content\/uploads\/2025\/10\/unnamed-21.jpg')\">\n\n\n                                                            <div class=\"container helpo_full_cont\">\n                                    <div class=\"row helpo_full_cont\">\n                                        <div class=\"col-12 helpo_full_cont\">\n                                            \n                                            <div class=\"helpo_content_slide_wrapper\">\n                                                <div class=\"helpo_content_container\">\n                                                                                                            <div class=\"helpo_content_wrapper_1\">\n                                                            <h2 class=\"helpo_content_slider_title\">\n                                                                Appel \u00e0 tous ceux qui veulent changer le jeu                                                                <span><\/span>\n                                                            <\/h2>\n                                                        <\/div>\n                                                                                                                <div class=\"helpo_content_wrapper_2\">\n                                                            <div class=\"helpo_content_slider_promo_text\">De nombreuses familles vuln\u00e9rables sont confront\u00e9es \u00e0 des d\u00e9fis quotidiens dans leur qu\u00eate de dignit\u00e9, de stabilit\u00e9 et d'espoir. Avec compassion et bienveillance, nous pouvons les aider \u00e0 surmonter les obstacles gr\u00e2ce \u00e0 la gu\u00e9rison, l'\u00e9ducation et l'autonomisation. Ensemble, nous pouvons faire une diff\u00e9rence durable dans leur vie.\n<\/div>\n                                                        <\/div>\n                                                                                                        <\/div>\n                                            <\/div>\n\n                                                                                    <\/div>\n                                    <\/div>\n                                <\/div>\n                                                        <\/div>\n                                        <\/div>\n\n                <!-- Slider Navigation -->\n                \n                                <div class=\"helpo_causes_slider_navigation_container\">\n                                    <div class=\"helpo_slider_counter\"><\/div>\n\n                                    <div class=\"helpo_slider_arrows\">\n                                        <div class=\"helpo_slider_nav_button helpo_prev\">\n                                            <i class=\"fa fa-chevron-left\"><\/i>\n                                        <\/div>\n\n                                        <div class=\"helpo_slider_nav_button helpo_next\">\n                                            <i class=\"fa fa-chevron-right\"><\/i>\n                                        <\/div>\n                                    <\/div>\n                                <\/div>\n\n                                \n                                    <ul class=\"helpo_socials_container\">\n                        \n                            <li>\n                                <a href=\"#\" target=\"_blank\"><i class=\"fab fa-facebook-f\"><\/i><\/a>\n                            <\/li>\n                            \n                            <li>\n                                <a href=\"#\" target=\"_blank\"><i class=\"fab fa-instagram\"><\/i><\/a>\n                            <\/li>\n                                                <\/ul>\n                                        <div class=\"helpo_additional_fields_container\">\n                                            <\/div>\n                                <\/div>\n        <\/div>\n        \t\t\t\t<\/div>\n\t\t\t\t<\/div>\n\t\t\t\t\t<\/div>\n\t\t<\/div>\n\t\t\t\t\t<\/div>\n\t\t<\/section>\n\t\t\t\t<section class=\"elementor-section elementor-top-section elementor-element elementor-element-168301f1 elementor-section-stretched elementor-section-boxed elementor-section-height-default elementor-section-height-default\" data-id=\"168301f1\" data-element_type=\"section\" id=\"about\" data-settings=\"{&quot;stretch_section&quot;:&quot;section-stretched&quot;}\">\n\t\t\t\t\t\t<div class=\"elementor-container elementor-column-gap-default\">\n\t\t\t\t\t<div class=\"elementor-column elementor-col-100 elementor-top-column elementor-element elementor-element-297f0ca8\" data-id=\"297f0ca8\" data-element_type=\"column\">\n\t\t\t<div class=\"elementor-widget-wrap elementor-element-populated\">\n\t\t\t\t\t\t<div class=\"elementor-element elementor-element-677a1afe elementor-widget elementor-widget-helpo_heading\" data-id=\"677a1afe\" data-element_type=\"widget\" data-widget_type=\"helpo_heading.default\">\n\t\t\t\t<div class=\"elementor-widget-container\">\n\t\t\t\t\t\n        <div class=\"helpo_heading_widget\">\n                                <div class=\"helpo_up_heading\">A propos de nous<\/div>\n                                    <h2 class=\"helpo_heading\">\n\n                    Nous apportons de l'espoir et des opportunit\u00e9s                          <span><\/span>\n                                        <\/h2>\n                        <\/div>\n        \t\t\t\t<\/div>\n\t\t\t\t<\/div>\n\t\t\t\t<div class=\"elementor-element elementor-element-1c1a9e5f elementor-widget elementor-widget-text-editor\" data-id=\"1c1a9e5f\" data-element_type=\"widget\" data-widget_type=\"text-editor.default\">\n\t\t\t\t<div class=\"elementor-widget-container\">\n\t\t\t\t\t\t\t\t\t<p data-start=\"1971\" data-end=\"2213\">Avec le soutien de personnes bienveillantes et de partenaires, nous apportons espoir et opportunit\u00e9s \u00e0 ceux qui en ont le plus besoin. Partout dans le monde, les familles vuln\u00e9rables et les jeunes font face \u00e0 d'immenses difficult\u00e9s \u2014 vivant avec les blessures des \u00e9preuves, de l'exclusion et des chances perdues.<\/p><p data-start=\"2218\" data-end=\"2424\">Leur parcours n'est pas facile, mais avec de la compassion et des opportunit\u00e9s, il peut changer. Gr\u00e2ce \u00e0 nos programmes, nous les aidons \u00e0 gu\u00e9rir, \u00e0 apprendre et \u00e0 se reconstruire \u2014 restaurant ainsi la dignit\u00e9 et lib\u00e9rant le potentiel de chaque personne.<\/p><p data-start=\"2429\" data-end=\"2534\">Ensemble, nous pouvons transformer les histoires de souffrance en histoires de possibles, \u00e9clairant le chemin du d\u00e9sespoir \u00e0 la joie.<\/p>\t\t\t\t\t\t\t\t<\/div>\n\t\t\t\t<\/div>\n\t\t\t\t<div class=\"elementor-element elementor-element-5d4935e1 elementor-widget elementor-widget-helpo_button\" data-id=\"5d4935e1\" data-element_type=\"widget\" data-widget_type=\"helpo_button.default\">\n\t\t\t\t<div class=\"elementor-widget-container\">\n\t\t\t\t\t\n        <div class=\"helpo_button_widget\">\n            <div class=\"helpo_button_container\">\n                <a class=\"helpo_button helpo_button--primary\" href=\"https:\/\/haio.org\/fr\/contacts\/\" >Contact Us<\/a>\n            <\/div>\n        <\/div>\n        \t\t\t\t<\/div>\n\t\t\t\t<\/div>\n\t\t\t\t\t<\/div>\n\t\t<\/div>\n\t\t\t\t\t<\/div>\n\t\t<\/section>\n\t\t\t\t<section class=\"elementor-section elementor-top-section elementor-element elementor-element-54ecfc0 elementor-section-stretched elementor-section-full_width elementor-hidden-tablet elementor-hidden-phone elementor-section-height-min-height elementor-section-height-default elementor-section-items-middle\" data-id=\"54ecfc0\" data-element_type=\"section\" data-settings=\"{&quot;stretch_section&quot;:&quot;section-stretched&quot;}\">\n\t\t\t\t\t\t<div class=\"elementor-container elementor-column-gap-default\">\n\t\t\t\t\t<div class=\"elementor-column elementor-col-50 elementor-top-column elementor-element elementor-element-debb162\" data-id=\"debb162\" data-element_type=\"column\">\n\t\t\t<div class=\"elementor-widget-wrap\">\n\t\t\t\t\t\t\t<\/div>\n\t\t<\/div>\n\t\t\t\t<div class=\"elementor-column elementor-col-50 elementor-top-column elementor-element elementor-element-7c3fe7e\" data-id=\"7c3fe7e\" data-element_type=\"column\">\n\t\t\t<div class=\"elementor-widget-wrap elementor-element-populated\">\n\t\t\t\t\t\t<div class=\"elementor-element elementor-element-4aa44fd elementor-widget elementor-widget-image\" data-id=\"4aa44fd\" data-element_type=\"widget\" data-widget_type=\"image.default\">\n\t\t\t\t<div class=\"elementor-widget-container\">\n\t\t\t\t\t\t\t\t\t\t\t\t\t\t\t<img decoding=\"async\" src=\"https:\/\/m4x8j2y2.stackpathcdn.com\/wp-content\/uploads\/2020\/05\/about_layout_opt.png\" title=\"\" alt=\"\" loading=\"lazy\" \/>\t\t\t\t\t\t\t\t\t\t\t\t\t\t\t<\/div>\n\t\t\t\t<\/div>\n\t\t\t\t\t<\/div>\n\t\t<\/div>\n\t\t\t\t\t<\/div>\n\t\t<\/section>\n\t\t\t\t<section class=\"elementor-section elementor-top-section elementor-element elementor-element-9765862 elementor-section-boxed elementor-section-height-default elementor-section-height-default\" data-id=\"9765862\" data-element_type=\"section\">\n\t\t\t\t\t\t<div class=\"elementor-container elementor-column-gap-default\">\n\t\t\t\t\t<div class=\"elementor-column elementor-col-100 elementor-top-column elementor-element elementor-element-44a8cd88\" data-id=\"44a8cd88\" data-element_type=\"column\">\n\t\t\t<div class=\"elementor-widget-wrap elementor-element-populated\">\n\t\t\t\t\t\t<div class=\"elementor-element elementor-element-14b74b28 elementor-widget elementor-widget-helpo_heading\" data-id=\"14b74b28\" data-element_type=\"widget\" data-widget_type=\"helpo_heading.default\">\n\t\t\t\t<div class=\"elementor-widget-container\">\n\t\t\t\t\t\n        <div class=\"helpo_heading_widget\">\n                                <div class=\"helpo_up_heading\">Nos activit\u00e9s<\/div>\n                                    <h2 class=\"helpo_heading\">\n\n                    Apporter de l'espoir et des soins \u00e0 Kinshasa                         <span><\/span>\n                                        <\/h2>\n                        <\/div>\n        \t\t\t\t<\/div>\n\t\t\t\t<\/div>\n\t\t\t\t<div class=\"elementor-element elementor-element-4f00dcaa elementor-widget elementor-widget-text-editor\" data-id=\"4f00dcaa\" data-element_type=\"widget\" data-widget_type=\"text-editor.default\">\n\t\t\t\t<div class=\"elementor-widget-container\">\n\t\t\t\t\t\t\t\t\t<p data-start=\"491\" data-end=\"950\" class=\"translation-block\">Aujourd'hui, Human Action International (HAIO) concentre ses efforts \u00e0 Kinshasa, o\u00f9 nous r\u00e9novons et agrandissons le Centre Communautaire de R\u00e9adaptation de Kinshasa dans la commune de Mont-Ngafula.\n\nCe centre est un lieu de gu\u00e9rison, de compassion et d'autonomisation pour les enfants atteints de paralysie c\u00e9r\u00e9brale et leurs familles. En am\u00e9liorant ses installations et sa capacit\u00e9, nous visons \u00e0 \u00e9largir l'acc\u00e8s aux soins de sant\u00e9 essentiels dans l'une des zones les plus d\u00e9favoris\u00e9es de la ville.<\/p><p data-start=\"952\" data-end=\"1147\" class=\"translation-block\">Au centre, nous proposons actuellement des s\u00e9ances de kin\u00e9sith\u00e9rapie gratuites qui aident les enfants \u00e0 gagner en mobilit\u00e9, en force et en confiance. \u00c9tape par \u00e9tape, nous ajoutons d'autres services essentiels, notamment :<\/p><ul><li data-start=\"952\" data-end=\"1147\" class=\"translation-block\">Des analyses de laboratoire pour la d\u00e9tection pr\u00e9coce des maladies contagieuses telles que la tuberculose et le paludisme ;<\/li><li data-start=\"952\" data-end=\"1147\" class=\"translation-block\">Des conseils nutritionnels pour les enfants et les m\u00e8res ;<\/li><li data-start=\"952\" data-end=\"1147\" class=\"translation-block\">Des soins gyn\u00e9cologiques adapt\u00e9s aux besoins des jeunes femmes enceintes en situation de handicap.<\/li><\/ul><p data-start=\"1400\" data-end=\"1644\" class=\"translation-block\">Dans une r\u00e9gion o\u00f9 l'acc\u00e8s aux soins de sant\u00e9 reste une lutte quotidienne, notre objectif est de rendre ces services disponibles gratuitement ou moyennant une contribution symbolique, afin de garantir que chaque enfant et chaque m\u00e8re re\u00e7oive des soins de qualit\u00e9 dans la dignit\u00e9 et la s\u00e9curit\u00e9.<\/p><h4 data-start=\"1651\" data-end=\"1684\"><em data-start=\"1658\" data-end=\"1682\">B\u00e2tir sur l'exp\u00e9rience<\/em><\/h4><p data-start=\"1685\" data-end=\"1934\" class=\"translation-block\">Notre travail \u00e0 Kinshasa s'appuie sur des ann\u00e9es de service humanitaire d\u00e9vou\u00e9. Depuis 2007, HAIO est partenaire des communaut\u00e9s d\u00e9favoris\u00e9es et \u00e0 risque pour am\u00e9liorer les conditions de vie et \u00e9largir l'acc\u00e8s au conseil, \u00e0 l'\u00e9ducation et \u00e0 la formation professionnelle.<\/p><p data-start=\"1936\" data-end=\"2183\" class=\"translation-block\">Nos premi\u00e8res initiatives se sont concentr\u00e9es sur les zones post-conflit et touch\u00e9es par la pauvret\u00e9 en Europe de l'Est, o\u00f9 nous avons livr\u00e9 des fournitures m\u00e9dicales aux h\u00f4pitaux, fourni des aides \u00e0 la mobilit\u00e9 et organis\u00e9 des activit\u00e9s th\u00e9rapeutiques pour les hommes, les femmes et les enfants dans le besoin.<\/p><p data-start=\"2185\" data-end=\"2465\" class=\"translation-block\">En 2013, en r\u00e9ponse \u00e0 la crise humanitaire pr\u00e8s de la fronti\u00e8re syrienne, nous avons \u00e9tendu nos efforts au sud de la Turquie, o\u00f9 nous avons soutenu les familles de r\u00e9fugi\u00e9s par le biais d'une aide essentielle et de formations professionnelles. Au fil du temps, ce travail a \u00e9t\u00e9 poursuivi avec succ\u00e8s par des organisations locales.<\/p>\t\t\t\t\t\t\t\t<\/div>\n\t\t\t\t<\/div>\n\t\t\t\t<div class=\"elementor-element elementor-element-9e77c24 elementor-widget elementor-widget-spacer\" data-id=\"9e77c24\" data-element_type=\"widget\" data-widget_type=\"spacer.default\">\n\t\t\t\t<div class=\"elementor-widget-container\">\n\t\t\t\t\t\t\t<div class=\"elementor-spacer\">\n\t\t\t<div class=\"elementor-spacer-inner\"><\/div>\n\t\t<\/div>\n\t\t\t\t\t\t<\/div>\n\t\t\t\t<\/div>\n\t\t\t\t<div class=\"elementor-element elementor-element-776aa45 elementor-widget elementor-widget-helpo_heading\" data-id=\"776aa45\" data-element_type=\"widget\" data-widget_type=\"helpo_heading.default\">\n\t\t\t\t<div class=\"elementor-widget-container\">\n\t\t\t\t\t\n        <div class=\"helpo_heading_widget\">\n                                <div class=\"helpo_up_heading\">Nos soutiens <\/div>\n                                    <h2 class=\"helpo_heading\">\n\n                    Nos partenaires et donateurs                         <span><\/span>\n                                        <\/h2>\n                        <\/div>\n        \t\t\t\t<\/div>\n\t\t\t\t<\/div>\n\t\t\t\t\t<\/div>\n\t\t<\/div>\n\t\t\t\t\t<\/div>\n\t\t<\/section>\n\t\t\t\t<section class=\"elementor-section elementor-top-section elementor-element elementor-element-580c54f elementor-section-boxed elementor-section-height-default elementor-section-height-default\" data-id=\"580c54f\" data-element_type=\"section\">\n\t\t\t\t\t\t<div class=\"elementor-container elementor-column-gap-default\">\n\t\t\t\t\t<div class=\"elementor-column elementor-col-25 elementor-top-column elementor-element elementor-element-68dabe6\" data-id=\"68dabe6\" data-element_type=\"column\">\n\t\t\t<div class=\"elementor-widget-wrap elementor-element-populated\">\n\t\t\t\t\t\t<div class=\"elementor-element elementor-element-618c5b22 elementor-widget elementor-widget-image\" data-id=\"618c5b22\" data-element_type=\"widget\" data-widget_type=\"image.default\">\n\t\t\t\t<div class=\"elementor-widget-container\">\n\t\t\t\t\t\t\t\t\t\t\t\t<figure class=\"wp-caption\">\n\t\t\t\t\t\t\t\t\t\t\t<a href=\"http:\/\/www.valaissolidaire.ch\">\n\t\t\t\t\t\t\t<img fetchpriority=\"high\" decoding=\"async\" width=\"700\" height=\"258\" src=\"https:\/\/haio.org\/wp-content\/uploads\/2021\/04\/vs2-1.png\" class=\"attachment-large size-large wp-image-2584\" alt=\"\" srcset=\"https:\/\/haio.org\/wp-content\/uploads\/2021\/04\/vs2-1.png 700w, https:\/\/haio.org\/wp-content\/uploads\/2021\/04\/vs2-1-300x111.png 300w, https:\/\/haio.org\/wp-content\/uploads\/2021\/04\/vs2-1-600x221.png 600w\" sizes=\"(max-width: 700px) 100vw, 700px\" \/>\t\t\t\t\t\t\t\t<\/a>\n\t\t\t\t\t\t\t\t\t\t\t<figcaption class=\"widget-image-caption wp-caption-text\">Valais Solidaire<\/figcaption>\n\t\t\t\t\t\t\t\t\t\t<\/figure>\n\t\t\t\t\t\t\t\t\t<\/div>\n\t\t\t\t<\/div>\n\t\t\t\t\t<\/div>\n\t\t<\/div>\n\t\t\t\t<div class=\"elementor-column elementor-col-25 elementor-top-column elementor-element elementor-element-373e1bd\" data-id=\"373e1bd\" data-element_type=\"column\">\n\t\t\t<div class=\"elementor-widget-wrap elementor-element-populated\">\n\t\t\t\t\t\t<div class=\"elementor-element elementor-element-53fa86b6 elementor-widget elementor-widget-image\" data-id=\"53fa86b6\" data-element_type=\"widget\" data-widget_type=\"image.default\">\n\t\t\t\t<div class=\"elementor-widget-container\">\n\t\t\t\t\t\t\t\t\t\t\t\t<figure class=\"wp-caption\">\n\t\t\t\t\t\t\t\t\t\t\t<a href=\"https:\/\/www.valais.ch\">\n\t\t\t\t\t\t\t<img decoding=\"async\" width=\"108\" height=\"141\" src=\"https:\/\/haio.org\/wp-content\/uploads\/2021\/05\/Untitled-e1620891992222.jpg\" class=\"attachment-large size-large wp-image-3275\" alt=\"\" \/>\t\t\t\t\t\t\t\t<\/a>\n\t\t\t\t\t\t\t\t\t\t\t<figcaption class=\"widget-image-caption wp-caption-text\">Canton of Valais<\/figcaption>\n\t\t\t\t\t\t\t\t\t\t<\/figure>\n\t\t\t\t\t\t\t\t\t<\/div>\n\t\t\t\t<\/div>\n\t\t\t\t\t<\/div>\n\t\t<\/div>\n\t\t\t\t<div class=\"elementor-column elementor-col-25 elementor-top-column elementor-element elementor-element-15d6647\" data-id=\"15d6647\" data-element_type=\"column\">\n\t\t\t<div class=\"elementor-widget-wrap elementor-element-populated\">\n\t\t\t\t\t\t<div class=\"elementor-element elementor-element-67a2da16 elementor-widget elementor-widget-image\" data-id=\"67a2da16\" data-element_type=\"widget\" data-widget_type=\"image.default\">\n\t\t\t\t<div class=\"elementor-widget-container\">\n\t\t\t\t\t\t\t\t\t\t\t\t<figure class=\"wp-caption\">\n\t\t\t\t\t\t\t\t\t\t\t<a href=\"https:\/\/www.vs.ch\/web\/communes\/-\/sierre\">\n\t\t\t\t\t\t\t<img decoding=\"async\" width=\"134\" height=\"141\" src=\"https:\/\/haio.org\/wp-content\/uploads\/2021\/04\/Blason_de_Sierre_Valais.svg.png\" class=\"attachment-medium_large size-medium_large wp-image-2591\" alt=\"\" \/>\t\t\t\t\t\t\t\t<\/a>\n\t\t\t\t\t\t\t\t\t\t\t<figcaption class=\"widget-image-caption wp-caption-text\">Commune de Sierre<\/figcaption>\n\t\t\t\t\t\t\t\t\t\t<\/figure>\n\t\t\t\t\t\t\t\t\t<\/div>\n\t\t\t\t<\/div>\n\t\t\t\t\t<\/div>\n\t\t<\/div>\n\t\t\t\t<div class=\"elementor-column elementor-col-25 elementor-top-column elementor-element elementor-element-bdd44cb\" data-id=\"bdd44cb\" data-element_type=\"column\">\n\t\t\t<div class=\"elementor-widget-wrap elementor-element-populated\">\n\t\t\t\t\t\t<div class=\"elementor-element elementor-element-5fb289e3 elementor-widget elementor-widget-image\" data-id=\"5fb289e3\" data-element_type=\"widget\" data-widget_type=\"image.default\">\n\t\t\t\t<div class=\"elementor-widget-container\">\n\t\t\t\t\t\t\t\t\t\t\t\t<figure class=\"wp-caption\">\n\t\t\t\t\t\t\t\t\t\t\t<a href=\"https:\/\/www.sylvainandco.ch\">\n\t\t\t\t\t\t\t<img loading=\"lazy\" decoding=\"async\" width=\"143\" height=\"141\" src=\"https:\/\/haio.org\/wp-content\/uploads\/2021\/04\/7a1a9763-c849-4fed-9b94-5a2f55f06784.png\" class=\"attachment-large size-large wp-image-2672\" alt=\"\" srcset=\"https:\/\/haio.org\/wp-content\/uploads\/2021\/04\/7a1a9763-c849-4fed-9b94-5a2f55f06784.png 143w, https:\/\/haio.org\/wp-content\/uploads\/2021\/04\/7a1a9763-c849-4fed-9b94-5a2f55f06784-100x100.png 100w\" sizes=\"(max-width: 143px) 100vw, 143px\" \/>\t\t\t\t\t\t\t\t<\/a>\n\t\t\t\t\t\t\t\t\t\t\t<figcaption class=\"widget-image-caption wp-caption-text\">Sylvain &amp; CO<\/figcaption>\n\t\t\t\t\t\t\t\t\t\t<\/figure>\n\t\t\t\t\t\t\t\t\t<\/div>\n\t\t\t\t<\/div>\n\t\t\t\t\t<\/div>\n\t\t<\/div>\n\t\t\t\t\t<\/div>\n\t\t<\/section>\n\t\t\t\t<\/div>","protected":false},"excerpt":{"rendered":"<p>With the support of caring people and partners, we bring hope and opportunity to those who need it most. Around the world, vulnerable families and youth face immense struggles\u2014living with the wounds of hardship, exclusion, and lost chances. Their journey is not easy, but with compassion and opportunity, it can change. Through our programs, we [&hellip;]<\/p>\n","protected":false},"author":1,"featured_media":0,"parent":0,"menu_order":0,"comment_status":"closed","ping_status":"closed","template":"","meta":{"footnotes":""},"_links":{"self":[{"href":"https:\/\/haio.org\/fr\/wp-json\/wp\/v2\/pages\/2187"}],"collection":[{"href":"https:\/\/haio.org\/fr\/wp-json\/wp\/v2\/pages"}],"about":[{"href":"https:\/\/haio.org\/fr\/wp-json\/wp\/v2\/types\/page"}],"author":[{"embeddable":true,"href":"https:\/\/haio.org\/fr\/wp-json\/wp\/v2\/users\/1"}],"replies":[{"embeddable":true,"href":"https:\/\/haio.org\/fr\/wp-json\/wp\/v2\/comments?post=2187"}],"version-history":[{"count":493,"href":"https:\/\/haio.org\/fr\/wp-json\/wp\/v2\/pages\/2187\/revisions"}],"predecessor-version":[{"id":3686,"href":"https:\/\/haio.org\/fr\/wp-json\/wp\/v2\/pages\/2187\/revisions\/3686"}],"wp:attachment":[{"href":"https:\/\/haio.org\/fr\/wp-json\/wp\/v2\/media?parent=2187"}],"curies":[{"name":"wp","href":"https:\/\/api.w.org\/{rel}","templated":true}]}}